{"id":38,"date":"2025-10-20T08:46:26","date_gmt":"2025-10-20T08:46:26","guid":{"rendered":"https:\/\/iberoffice.co.mz\/index.php\/home\/"},"modified":"2025-10-20T12:59:59","modified_gmt":"2025-10-20T12:59:59","slug":"home","status":"publish","type":"page","link":"https:\/\/iberoffice.co.mz\/","title":{"rendered":"Home"},"content":{"rendered":"\t\t<div data-elementor-type=\"wp-page\" data-elementor-id=\"38\" class=\"elementor elementor-38\">\n\t\t\t\t<div class=\"elementor-element elementor-element-54768fda e-flex e-con-boxed e-con e-parent\" data-id=\"54768fda\" data-element_type=\"container\" data-settings=\"{&quot;background_background&quot;:&quot;classic&quot;}\">\n\t\t\t\t\t<div class=\"e-con-inner\">\n\t\t<div class=\"elementor-element elementor-element-b3dbfd8 e-con-full e-flex e-con e-child\" data-id=\"b3dbfd8\" data-element_type=\"container\">\n\t\t\t\t<div class=\"elementor-element elementor-element-43831e8d elementor-widget elementor-widget-heading\" data-id=\"43831e8d\" data-element_type=\"widget\" data-widget_type=\"heading.default\">\n\t\t\t\t\t<h1 class=\"elementor-heading-title elementor-size-default\">NOVO <br> Business Center  <br> EM MAPUTO<\/h1>\t\t\t\t<\/div>\n\t\t\t\t<\/div>\n\t\t\t\t\t<\/div>\n\t\t\t\t<\/div>\n\t\t<div class=\"elementor-element elementor-element-5e07416a e-flex e-con-boxed e-con e-parent\" data-id=\"5e07416a\" data-element_type=\"container\">\n\t\t\t\t\t<div class=\"e-con-inner\">\n\t\t\t\t<div class=\"elementor-element elementor-element-13ca4282 elementor-widget elementor-widget-heading\" data-id=\"13ca4282\" data-element_type=\"widget\" data-widget_type=\"heading.default\">\n\t\t\t\t\t<h2 class=\"elementor-heading-title elementor-size-default\">O seu novo Centro de Escrit\u00f3rios !<\/h2>\t\t\t\t<\/div>\n\t\t<div class=\"elementor-element elementor-element-47bb9e4b e-con-full e-flex e-con e-child\" data-id=\"47bb9e4b\" data-element_type=\"container\">\n\t\t\t\t<div class=\"elementor-element elementor-element-1cb18cf4 elementor-widget elementor-widget-text-editor\" data-id=\"1cb18cf4\" data-element_type=\"widget\" data-widget_type=\"text-editor.default\">\n\t\t\t\t\t\t\t\t\t<p>A IberOffice disponibiliza escrit\u00f3rios devidamente equipados e com acesso a diversos servi\u00e7os de apoio para a sua empresa, num ambiente acolhedor, confort\u00e1vel e seguro, localizado em plena Sommerschield, um dos mais emblem\u00e1ticos e tranquilos bairros de Maputo.<\/p>\t\t\t\t\t\t\t\t<\/div>\n\t\t\t\t<\/div>\n\t\t\t\t\t<\/div>\n\t\t\t\t<\/div>\n\t\t<div class=\"elementor-element elementor-element-1ea909b e-con-full e-flex e-con e-parent\" data-id=\"1ea909b\" data-element_type=\"container\">\n\t\t\t\t<div class=\"elementor-element elementor-element-994b0a9 elementor-widget elementor-widget-heading\" data-id=\"994b0a9\" data-element_type=\"widget\" data-widget_type=\"heading.default\">\n\t\t\t\t\t<h2 class=\"elementor-heading-title elementor-size-default\">Galeria de fotos\n<\/h2>\t\t\t\t<\/div>\n\t\t<div class=\"elementor-element elementor-element-e76af57 e-con-full e-flex e-con e-child\" data-id=\"e76af57\" data-element_type=\"container\">\n\t\t\t\t<div class=\"elementor-element elementor-element-51a736b gallery-spacing-custom elementor-widget elementor-widget-image-gallery\" data-id=\"51a736b\" data-element_type=\"widget\" data-widget_type=\"image-gallery.default\">\n\t\t\t\t\t\t\t<div class=\"elementor-image-gallery\">\n\t\t\t<div id='gallery-1' class='gallery galleryid-38 gallery-columns-3 gallery-size-full'><figure class='gallery-item'>\n\t\t\t<div class='gallery-icon landscape'>\n\t\t\t\t<a data-elementor-open-lightbox=\"yes\" data-elementor-lightbox-slideshow=\"51a736b\" data-elementor-lightbox-title=\"20180708_175221-ts1536845580\" data-e-action-hash=\"#elementor-action%3Aaction%3Dlightbox%26settings%3DeyJpZCI6MTI0LCJ1cmwiOiJodHRwczpcL1wvaWJlcm9mZmljZS5jby5telwvd3AtY29udGVudFwvdXBsb2Fkc1wvMjAyNVwvMTBcLzIwMTgwNzA4XzE3NTIyMS10czE1MzY4NDU1ODAtc2NhbGVkLmpwZyIsInNsaWRlc2hvdyI6IjUxYTczNmIifQ%3D%3D\" href='https:\/\/iberoffice.co.mz\/wp-content\/uploads\/2025\/10\/20180708_175221-ts1536845580-scaled.jpg'><img fetchpriority=\"high\" decoding=\"async\" width=\"2560\" height=\"1440\" src=\"https:\/\/iberoffice.co.mz\/wp-content\/uploads\/2025\/10\/20180708_175221-ts1536845580-scaled.jpg\" class=\"attachment-full size-full\" alt=\"\" srcset=\"https:\/\/iberoffice.co.mz\/wp-content\/uploads\/2025\/10\/20180708_175221-ts1536845580-scaled.jpg 2560w, https:\/\/iberoffice.co.mz\/wp-content\/uploads\/2025\/10\/20180708_175221-ts1536845580-300x169.jpg 300w, https:\/\/iberoffice.co.mz\/wp-content\/uploads\/2025\/10\/20180708_175221-ts1536845580-1024x576.jpg 1024w, https:\/\/iberoffice.co.mz\/wp-content\/uploads\/2025\/10\/20180708_175221-ts1536845580-768x432.jpg 768w, https:\/\/iberoffice.co.mz\/wp-content\/uploads\/2025\/10\/20180708_175221-ts1536845580-1536x864.jpg 1536w, https:\/\/iberoffice.co.mz\/wp-content\/uploads\/2025\/10\/20180708_175221-ts1536845580-2048x1152.jpg 2048w\" sizes=\"(max-width: 2560px) 100vw, 2560px\" \/><\/a>\n\t\t\t<\/div><\/figure><figure class='gallery-item'>\n\t\t\t<div class='gallery-icon landscape'>\n\t\t\t\t<a data-elementor-open-lightbox=\"yes\" data-elementor-lightbox-slideshow=\"51a736b\" data-elementor-lightbox-title=\"20180708_180800-ts1536845592\" data-e-action-hash=\"#elementor-action%3Aaction%3Dlightbox%26settings%3DeyJpZCI6MTI1LCJ1cmwiOiJodHRwczpcL1wvaWJlcm9mZmljZS5jby5telwvd3AtY29udGVudFwvdXBsb2Fkc1wvMjAyNVwvMTBcLzIwMTgwNzA4XzE4MDgwMC10czE1MzY4NDU1OTItc2NhbGVkLmpwZyIsInNsaWRlc2hvdyI6IjUxYTczNmIifQ%3D%3D\" href='https:\/\/iberoffice.co.mz\/wp-content\/uploads\/2025\/10\/20180708_180800-ts1536845592-scaled.jpg'><img decoding=\"async\" width=\"2560\" height=\"1440\" src=\"https:\/\/iberoffice.co.mz\/wp-content\/uploads\/2025\/10\/20180708_180800-ts1536845592-scaled.jpg\" class=\"attachment-full size-full\" alt=\"\" srcset=\"https:\/\/iberoffice.co.mz\/wp-content\/uploads\/2025\/10\/20180708_180800-ts1536845592-scaled.jpg 2560w, https:\/\/iberoffice.co.mz\/wp-content\/uploads\/2025\/10\/20180708_180800-ts1536845592-300x169.jpg 300w, https:\/\/iberoffice.co.mz\/wp-content\/uploads\/2025\/10\/20180708_180800-ts1536845592-1024x576.jpg 1024w, https:\/\/iberoffice.co.mz\/wp-content\/uploads\/2025\/10\/20180708_180800-ts1536845592-768x432.jpg 768w, https:\/\/iberoffice.co.mz\/wp-content\/uploads\/2025\/10\/20180708_180800-ts1536845592-1536x864.jpg 1536w, https:\/\/iberoffice.co.mz\/wp-content\/uploads\/2025\/10\/20180708_180800-ts1536845592-2048x1152.jpg 2048w\" sizes=\"(max-width: 2560px) 100vw, 2560px\" \/><\/a>\n\t\t\t<\/div><\/figure><figure class='gallery-item'>\n\t\t\t<div class='gallery-icon landscape'>\n\t\t\t\t<a data-elementor-open-lightbox=\"yes\" data-elementor-lightbox-slideshow=\"51a736b\" data-elementor-lightbox-title=\"dsc_0074-ts1536845601\" data-e-action-hash=\"#elementor-action%3Aaction%3Dlightbox%26settings%3DeyJpZCI6MTI2LCJ1cmwiOiJodHRwczpcL1wvaWJlcm9mZmljZS5jby5telwvd3AtY29udGVudFwvdXBsb2Fkc1wvMjAyNVwvMTBcL2RzY18wMDc0LXRzMTUzNjg0NTYwMS1zY2FsZWQuanBnIiwic2xpZGVzaG93IjoiNTFhNzM2YiJ9\" href='https:\/\/iberoffice.co.mz\/wp-content\/uploads\/2025\/10\/dsc_0074-ts1536845601-scaled.jpg'><img decoding=\"async\" width=\"2560\" height=\"1707\" src=\"https:\/\/iberoffice.co.mz\/wp-content\/uploads\/2025\/10\/dsc_0074-ts1536845601-scaled.jpg\" class=\"attachment-full size-full\" alt=\"\" srcset=\"https:\/\/iberoffice.co.mz\/wp-content\/uploads\/2025\/10\/dsc_0074-ts1536845601-scaled.jpg 2560w, https:\/\/iberoffice.co.mz\/wp-content\/uploads\/2025\/10\/dsc_0074-ts1536845601-300x200.jpg 300w, https:\/\/iberoffice.co.mz\/wp-content\/uploads\/2025\/10\/dsc_0074-ts1536845601-1024x683.jpg 1024w, https:\/\/iberoffice.co.mz\/wp-content\/uploads\/2025\/10\/dsc_0074-ts1536845601-768x512.jpg 768w, https:\/\/iberoffice.co.mz\/wp-content\/uploads\/2025\/10\/dsc_0074-ts1536845601-1536x1024.jpg 1536w, https:\/\/iberoffice.co.mz\/wp-content\/uploads\/2025\/10\/dsc_0074-ts1536845601-2048x1365.jpg 2048w\" sizes=\"(max-width: 2560px) 100vw, 2560px\" \/><\/a>\n\t\t\t<\/div><\/figure><figure class='gallery-item'>\n\t\t\t<div class='gallery-icon landscape'>\n\t\t\t\t<a data-elementor-open-lightbox=\"yes\" data-elementor-lightbox-slideshow=\"51a736b\" data-elementor-lightbox-title=\"dsc_0078-ts1536845617\" data-e-action-hash=\"#elementor-action%3Aaction%3Dlightbox%26settings%3DeyJpZCI6MTI3LCJ1cmwiOiJodHRwczpcL1wvaWJlcm9mZmljZS5jby5telwvd3AtY29udGVudFwvdXBsb2Fkc1wvMjAyNVwvMTBcL2RzY18wMDc4LXRzMTUzNjg0NTYxNy1zY2FsZWQuanBnIiwic2xpZGVzaG93IjoiNTFhNzM2YiJ9\" href='https:\/\/iberoffice.co.mz\/wp-content\/uploads\/2025\/10\/dsc_0078-ts1536845617-scaled.jpg'><img loading=\"lazy\" decoding=\"async\" width=\"2560\" height=\"1707\" src=\"https:\/\/iberoffice.co.mz\/wp-content\/uploads\/2025\/10\/dsc_0078-ts1536845617-scaled.jpg\" class=\"attachment-full size-full\" alt=\"\" srcset=\"https:\/\/iberoffice.co.mz\/wp-content\/uploads\/2025\/10\/dsc_0078-ts1536845617-scaled.jpg 2560w, https:\/\/iberoffice.co.mz\/wp-content\/uploads\/2025\/10\/dsc_0078-ts1536845617-300x200.jpg 300w, https:\/\/iberoffice.co.mz\/wp-content\/uploads\/2025\/10\/dsc_0078-ts1536845617-1024x683.jpg 1024w, https:\/\/iberoffice.co.mz\/wp-content\/uploads\/2025\/10\/dsc_0078-ts1536845617-768x512.jpg 768w, https:\/\/iberoffice.co.mz\/wp-content\/uploads\/2025\/10\/dsc_0078-ts1536845617-1536x1024.jpg 1536w, https:\/\/iberoffice.co.mz\/wp-content\/uploads\/2025\/10\/dsc_0078-ts1536845617-2048x1365.jpg 2048w\" sizes=\"(max-width: 2560px) 100vw, 2560px\" \/><\/a>\n\t\t\t<\/div><\/figure><figure class='gallery-item'>\n\t\t\t<div class='gallery-icon landscape'>\n\t\t\t\t<a data-elementor-open-lightbox=\"yes\" data-elementor-lightbox-slideshow=\"51a736b\" data-elementor-lightbox-title=\"dsc_0085-ts1536845630\" data-e-action-hash=\"#elementor-action%3Aaction%3Dlightbox%26settings%3DeyJpZCI6MTI4LCJ1cmwiOiJodHRwczpcL1wvaWJlcm9mZmljZS5jby5telwvd3AtY29udGVudFwvdXBsb2Fkc1wvMjAyNVwvMTBcL2RzY18wMDg1LXRzMTUzNjg0NTYzMC1zY2FsZWQuanBnIiwic2xpZGVzaG93IjoiNTFhNzM2YiJ9\" href='https:\/\/iberoffice.co.mz\/wp-content\/uploads\/2025\/10\/dsc_0085-ts1536845630-scaled.jpg'><img loading=\"lazy\" decoding=\"async\" width=\"2560\" height=\"1707\" src=\"https:\/\/iberoffice.co.mz\/wp-content\/uploads\/2025\/10\/dsc_0085-ts1536845630-scaled.jpg\" class=\"attachment-full size-full\" alt=\"\" srcset=\"https:\/\/iberoffice.co.mz\/wp-content\/uploads\/2025\/10\/dsc_0085-ts1536845630-scaled.jpg 2560w, https:\/\/iberoffice.co.mz\/wp-content\/uploads\/2025\/10\/dsc_0085-ts1536845630-300x200.jpg 300w, https:\/\/iberoffice.co.mz\/wp-content\/uploads\/2025\/10\/dsc_0085-ts1536845630-1024x683.jpg 1024w, https:\/\/iberoffice.co.mz\/wp-content\/uploads\/2025\/10\/dsc_0085-ts1536845630-768x512.jpg 768w, https:\/\/iberoffice.co.mz\/wp-content\/uploads\/2025\/10\/dsc_0085-ts1536845630-1536x1024.jpg 1536w, https:\/\/iberoffice.co.mz\/wp-content\/uploads\/2025\/10\/dsc_0085-ts1536845630-2048x1365.jpg 2048w\" sizes=\"(max-width: 2560px) 100vw, 2560px\" \/><\/a>\n\t\t\t<\/div><\/figure><figure class='gallery-item'>\n\t\t\t<div class='gallery-icon landscape'>\n\t\t\t\t<a data-elementor-open-lightbox=\"yes\" data-elementor-lightbox-slideshow=\"51a736b\" data-elementor-lightbox-title=\"4102221c83070d60500380b7fa3499c5_409x230\" data-e-action-hash=\"#elementor-action%3Aaction%3Dlightbox%26settings%3DeyJpZCI6MjM2LCJ1cmwiOiJodHRwczpcL1wvaWJlcm9mZmljZS5jby5telwvd3AtY29udGVudFwvdXBsb2Fkc1wvMjAyNVwvMTBcLzQxMDIyMjFjODMwNzBkNjA1MDAzODBiN2ZhMzQ5OWM1XzQwOXgyMzAuanBnIiwic2xpZGVzaG93IjoiNTFhNzM2YiJ9\" href='https:\/\/iberoffice.co.mz\/wp-content\/uploads\/2025\/10\/4102221c83070d60500380b7fa3499c5_409x230.jpg'><img loading=\"lazy\" decoding=\"async\" width=\"409\" height=\"230\" src=\"https:\/\/iberoffice.co.mz\/wp-content\/uploads\/2025\/10\/4102221c83070d60500380b7fa3499c5_409x230.jpg\" class=\"attachment-full size-full\" alt=\"\" srcset=\"https:\/\/iberoffice.co.mz\/wp-content\/uploads\/2025\/10\/4102221c83070d60500380b7fa3499c5_409x230.jpg 409w, https:\/\/iberoffice.co.mz\/wp-content\/uploads\/2025\/10\/4102221c83070d60500380b7fa3499c5_409x230-300x169.jpg 300w\" sizes=\"(max-width: 409px) 100vw, 409px\" \/><\/a>\n\t\t\t<\/div><\/figure>\n\t\t<\/div>\n\t\t<\/div>\n\t\t\t\t\t\t<\/div>\n\t\t\t\t<\/div>\n\t\t\t\t<\/div>\n\t\t<div class=\"elementor-element elementor-element-603cf9f8 e-con-full services e-flex e-con e-parent\" data-id=\"603cf9f8\" data-element_type=\"container\" id=\"services\">\n\t\t\t\t<div class=\"elementor-element elementor-element-504061a3 elementor-widget elementor-widget-heading\" data-id=\"504061a3\" data-element_type=\"widget\" data-widget_type=\"heading.default\">\n\t\t\t\t\t<h2 class=\"elementor-heading-title elementor-size-default\">Servi\u00e7os<\/h2>\t\t\t\t<\/div>\n\t\t<div class=\"elementor-element elementor-element-750aab8a e-con-full e-flex e-con e-child\" data-id=\"750aab8a\" data-element_type=\"container\">\n\t\t<div class=\"elementor-element elementor-element-10f72d55 e-con-full e-flex e-con e-child\" data-id=\"10f72d55\" data-element_type=\"container\">\n\t\t\t\t<div class=\"elementor-element elementor-element-66da657e elementor-position-left elementor-vertical-align-middle elementor-widget elementor-widget-image-box\" data-id=\"66da657e\" data-element_type=\"widget\" data-widget_type=\"image-box.default\">\n\t\t\t\t\t<div class=\"elementor-image-box-wrapper\"><figure class=\"elementor-image-box-img\"><a href=\"https:\/\/library.elementor.com\/local-services-wireframe-3-flexbox\/services\/#service1\" tabindex=\"-1\"><img loading=\"lazy\" decoding=\"async\" width=\"228\" height=\"221\" src=\"https:\/\/iberoffice.co.mz\/wp-content\/uploads\/2025\/10\/images-4-ts1536851796.png\" class=\"attachment-medium size-medium wp-image-133\" alt=\"\" \/><\/a><\/figure><div class=\"elementor-image-box-content\"><h3 class=\"elementor-image-box-title\"><a href=\"https:\/\/library.elementor.com\/local-services-wireframe-3-flexbox\/services\/#service1\">Escrit\u00f3rios Individuais<\/a><\/h3><p class=\"elementor-image-box-description\">\nUm espa\u00e7o pr\u00f3prio e individual para a sua empresa, de acordo com as suas necessidades.\n\nEscrit\u00f3rios mobilados e climatizados para seu conforto, com acesso \u00e0s infraestruturas existentes no Business Center.\n\nSolu\u00e7\u00e3o escal\u00e1vel em fun\u00e7\u00e3o do crescimento da sua empresa.<\/p><\/div><\/div>\t\t\t\t<\/div>\n\t\t\t\t<\/div>\n\t\t<div class=\"elementor-element elementor-element-208e0f40 e-con-full e-flex e-con e-child\" data-id=\"208e0f40\" data-element_type=\"container\">\n\t\t\t\t<div class=\"elementor-element elementor-element-54f33611 elementor-position-left elementor-vertical-align-middle elementor-widget elementor-widget-image-box\" data-id=\"54f33611\" data-element_type=\"widget\" data-widget_type=\"image-box.default\">\n\t\t\t\t\t<div class=\"elementor-image-box-wrapper\"><figure class=\"elementor-image-box-img\"><a href=\"https:\/\/library.elementor.com\/local-services-wireframe-3-flexbox\/services\/#service2\" tabindex=\"-1\"><img loading=\"lazy\" decoding=\"async\" width=\"224\" height=\"224\" src=\"https:\/\/iberoffice.co.mz\/wp-content\/uploads\/2025\/10\/images-2-ts1536851794.png\" class=\"attachment-full size-full wp-image-134\" alt=\"\" srcset=\"https:\/\/iberoffice.co.mz\/wp-content\/uploads\/2025\/10\/images-2-ts1536851794.png 224w, https:\/\/iberoffice.co.mz\/wp-content\/uploads\/2025\/10\/images-2-ts1536851794-150x150.png 150w\" sizes=\"(max-width: 224px) 100vw, 224px\" \/><\/a><\/figure><div class=\"elementor-image-box-content\"><h3 class=\"elementor-image-box-title\"><a href=\"https:\/\/library.elementor.com\/local-services-wireframe-3-flexbox\/services\/#service2\">Escrit\u00f3rios Partilhados<\/a><\/h3><p class=\"elementor-image-box-description\">\nComece a trabalhar de imediato, com acesso a um posto de trabalho e restantes facilidades do Business Center.\n\nEspa\u00e7o de trabalho partilhado com outros profissionais e empresas, o que potencia o networking e a concretiza\u00e7\u00e3o de neg\u00f3cios. M\u00e1xima flexibilidade: tarifas di\u00e1rias, semanais e mensais.<\/p><\/div><\/div>\t\t\t\t<\/div>\n\t\t\t\t<\/div>\n\t\t<div class=\"elementor-element elementor-element-4951f18a e-con-full e-flex e-con e-child\" data-id=\"4951f18a\" data-element_type=\"container\">\n\t\t\t\t<div class=\"elementor-element elementor-element-25846d51 elementor-position-left elementor-vertical-align-middle elementor-widget elementor-widget-image-box\" data-id=\"25846d51\" data-element_type=\"widget\" data-widget_type=\"image-box.default\">\n\t\t\t\t\t<div class=\"elementor-image-box-wrapper\"><figure class=\"elementor-image-box-img\"><a href=\"https:\/\/library.elementor.com\/local-services-wireframe-3-flexbox\/services\/#service3\" tabindex=\"-1\"><img loading=\"lazy\" decoding=\"async\" width=\"225\" height=\"225\" src=\"https:\/\/iberoffice.co.mz\/wp-content\/uploads\/2025\/10\/transferir-ts1536858943.png\" class=\"attachment-full size-full wp-image-135\" alt=\"\" srcset=\"https:\/\/iberoffice.co.mz\/wp-content\/uploads\/2025\/10\/transferir-ts1536858943.png 225w, https:\/\/iberoffice.co.mz\/wp-content\/uploads\/2025\/10\/transferir-ts1536858943-150x150.png 150w\" sizes=\"(max-width: 225px) 100vw, 225px\" \/><\/a><\/figure><div class=\"elementor-image-box-content\"><h3 class=\"elementor-image-box-title\"><a href=\"https:\/\/library.elementor.com\/local-services-wireframe-3-flexbox\/services\/#service3\">Escrit\u00f3rios Virtuais<\/a><\/h3><p class=\"elementor-image-box-description\">O seu escrit\u00f3rio numa morada de prest\u00edgio, sem os custos de implementa\u00e7\u00e3o de um escrit\u00f3rio em modelo tradicional.\n\nO nosso servi\u00e7o de escrit\u00f3rio virtual inclui a domicilia\u00e7\u00e3o fiscal e comercial da sua empresa, recep\u00e7\u00e3o de correspond\u00eancia e encomendas, servi\u00e7os de atendimento telef\u00f3nico personalizado, acesso \u00e0 infraestrutura do Business Center.<\/p><\/div><\/div>\t\t\t\t<\/div>\n\t\t\t\t<\/div>\n\t\t\t\t<\/div>\n\t\t\t\t<\/div>\n\t\t<div class=\"elementor-element elementor-element-1cc799fc e-con-full e-flex e-con e-parent\" data-id=\"1cc799fc\" data-element_type=\"container\">\n\t\t<div class=\"elementor-element elementor-element-53df3e94 e-con-full e-flex e-con e-child\" data-id=\"53df3e94\" data-element_type=\"container\">\n\t\t\t\t<div class=\"elementor-element elementor-element-34bf4847 elementor-widget__width-initial elementor-widget elementor-widget-heading\" data-id=\"34bf4847\" data-element_type=\"widget\" data-widget_type=\"heading.default\">\n\t\t\t\t\t<h2 class=\"elementor-heading-title elementor-size-default\"><b>Servi\u00e7o e Adicionais<\/b><\/h2>\t\t\t\t<\/div>\n\t\t\t\t<\/div>\n\t\t<div class=\"elementor-element elementor-element-42ab0fd e-con-full e-flex e-con e-child\" data-id=\"42ab0fd\" data-element_type=\"container\">\n\t\t<div class=\"elementor-element elementor-element-532d3d64 e-con-full e-flex e-con e-child\" data-id=\"532d3d64\" data-element_type=\"container\">\n\t\t\t\t<div class=\"elementor-element elementor-element-434ed11c elementor-widget elementor-widget-icon-box\" data-id=\"434ed11c\" data-element_type=\"widget\" data-widget_type=\"icon-box.default\">\n\t\t\t\t\t\t\t<div class=\"elementor-icon-box-wrapper\">\n\n\t\t\t\n\t\t\t\t\t\t<div class=\"elementor-icon-box-content\">\n\n\t\t\t\t\t\t\t\t\t<h3 class=\"elementor-icon-box-title\">\n\t\t\t\t\t\t<span  >\n\t\t\t\t\t\t\tServi\u00e7os inclu\u00eddos\t\t\t\t\t\t<\/span>\n\t\t\t\t\t<\/h3>\n\t\t\t\t\n\t\t\t\t\t\t\t\t\t<p class=\"elementor-icon-box-description\">\n\t\t\t\t\t\t<ul style=\"text-align: left;margin: 0;padding-left: 0;line-height: 1.8\">\n    <li>Salas mobiladas e climatizadas<\/li>\n    <li>Recep\u00e7\u00e3o \/ Copa<\/li>\n    <li>Seguran\u00e7a 24 horas \/ 7 dias semana<\/li>\n    <li>Acesso ilimitado a internet de banda larga<\/li>\n    <li>Limpeza \/ \u00c1gua \/ Energia<\/li>\n<\/ul>\t\t\t\t\t<\/p>\n\t\t\t\t\n\t\t\t<\/div>\n\t\t\t\n\t\t<\/div>\n\t\t\t\t\t\t<\/div>\n\t\t\t\t<\/div>\n\t\t<div class=\"elementor-element elementor-element-7cbe899c e-con-full e-flex e-con e-child\" data-id=\"7cbe899c\" data-element_type=\"container\">\n\t\t\t\t<div class=\"elementor-element elementor-element-626830a7 elementor-widget elementor-widget-icon-box\" data-id=\"626830a7\" data-element_type=\"widget\" data-widget_type=\"icon-box.default\">\n\t\t\t\t\t\t\t<div class=\"elementor-icon-box-wrapper\">\n\n\t\t\t\n\t\t\t\t\t\t<div class=\"elementor-icon-box-content\">\n\n\t\t\t\t\t\t\t\t\t<h3 class=\"elementor-icon-box-title\">\n\t\t\t\t\t\t<span  >\n\t\t\t\t\t\t\tServi\u00e7os a pedido\t\t\t\t\t\t<\/span>\n\t\t\t\t\t<\/h3>\n\t\t\t\t\n\t\t\t\t\t\t\t\t\t<p class=\"elementor-icon-box-description\">\n\t\t\t\t\t\t<ul style=\"text-align: left;margin: 0;padding-left: 0;line-height: 1.8\">\n    <li>Utiliza\u00e7\u00e3o da Sala de Reuni\u00f5es<\/li>\n    <li>Fotoc\u00f3pias, impress\u00e3o, digitaliza\u00e7\u00e3o<\/li>\n    <li>Consum\u00edveis de escrit\u00f3rio<\/li>\n    <li>Servi\u00e7o de Estafeta<\/li>\n<\/ul>\t\t\t\t\t<\/p>\n\t\t\t\t\n\t\t\t<\/div>\n\t\t\t\n\t\t<\/div>\n\t\t\t\t\t\t<\/div>\n\t\t\t\t<\/div>\n\t\t\t\t<\/div>\n\t\t\t\t<\/div>\n\t\t<div class=\"elementor-element elementor-element-2be0334e e-con-full contacts e-flex e-con e-parent\" data-id=\"2be0334e\" data-element_type=\"container\" id=\"contacts\">\n\t\t<div class=\"elementor-element elementor-element-11048b3f e-con-full e-flex e-con e-child\" data-id=\"11048b3f\" data-element_type=\"container\">\n\t\t\t\t<div class=\"elementor-element elementor-element-13ed2a44 elementor-widget elementor-widget-heading\" data-id=\"13ed2a44\" data-element_type=\"widget\" data-widget_type=\"heading.default\">\n\t\t\t\t\t<h2 class=\"elementor-heading-title elementor-size-default\">Contactos<\/h2>\t\t\t\t<\/div>\n\t\t\t\t<div class=\"elementor-element elementor-element-35800d87 elementor-widget__width-initial elementor-widget elementor-widget-text-editor\" data-id=\"35800d87\" data-element_type=\"widget\" data-widget_type=\"text-editor.default\">\n\t\t\t\t\t\t\t\t\t<p class=\"wb-stl-custom9\" data-dnid=\"10262\">Rua dos Cronistas, n\u00ba 105 &#8211; Sommerschield<\/p><p class=\"wb-stl-custom12\" data-dnid=\"10264\">Maputo &#8211; Mo\u00e7ambique<\/p><p class=\"wb-stl-custom12\" data-dnid=\"10268\">Coordenadas GPS: 25\u00ba 57&#8242; 39,1&#8243; S 32\u00ba 35&#8242; 55,2&#8243; E\u00a0 \u00a0(-25.960873, 32.598659)<\/p><p class=\"wb-stl-custom12\" data-dnid=\"10272\">+ (258) 869 057 505<\/p><p class=\"wb-stl-custom12\" data-dnid=\"10276\">info@iberoffice.co.mz<\/p>\t\t\t\t\t\t\t\t<\/div>\n\t\t\t\t<\/div>\n\t\t<div class=\"elementor-element elementor-element-1b9de1b9 e-con-full e-flex e-con e-child\" data-id=\"1b9de1b9\" data-element_type=\"container\">\n\t\t\t\t<\/div>\n\t\t\t\t<\/div>\n\t\t<div class=\"elementor-element elementor-element-142b842 e-con-full e-flex e-con e-parent\" data-id=\"142b842\" data-element_type=\"container\">\n\t\t\t\t<div class=\"elementor-element elementor-element-a056bf3 elementor-widget elementor-widget-google_maps\" data-id=\"a056bf3\" data-element_type=\"widget\" data-widget_type=\"google_maps.default\">\n\t\t\t\t\t\t\t<div class=\"elementor-custom-embed\">\n\t\t\t<iframe loading=\"lazy\"\n\t\t\t\t\tsrc=\"https:\/\/maps.google.com\/maps?q=Pra%C3%A7a%20do%20Com%C3%A9rcio%2C%20Lisboa%2C%20Portugal&#038;t=m&#038;z=10&#038;output=embed&#038;iwloc=near\"\n\t\t\t\t\ttitle=\"Pra\u00e7a do Com\u00e9rcio, Lisboa, Portugal\"\n\t\t\t\t\taria-label=\"Pra\u00e7a do Com\u00e9rcio, Lisboa, Portugal\"\n\t\t\t><\/iframe>\n\t\t<\/div>\n\t\t\t\t\t\t<\/div>\n\t\t\t\t<\/div>\n\t\t\t\t<\/div>\n\t\t","protected":false},"excerpt":{"rendered":"<p>NOVO Business Center EM MAPUTO O seu novo Centro de Escrit\u00f3rios ! A IberOffice disponibiliza escrit\u00f3rios devidamente equipados e com acesso a diversos servi\u00e7os de apoio para a sua empresa, num ambiente acolhedor, confort\u00e1vel e seguro, localizado em plena Sommerschield, um dos mais emblem\u00e1ticos e tranquilos bairros de Maputo. Galeria de fotos Servi\u00e7os Escrit\u00f3rios Individuais [&hellip;]<\/p>\n","protected":false},"author":1,"featured_media":43,"parent":0,"menu_order":0,"comment_status":"closed","ping_status":"closed","template":"elementor_header_footer","meta":{"footnotes":""},"class_list":["post-38","page","type-page","status-publish","has-post-thumbnail","hentry"],"_links":{"self":[{"href":"https:\/\/iberoffice.co.mz\/index.php\/wp-json\/wp\/v2\/pages\/38","targetHints":{"allow":["GET"]}}],"collection":[{"href":"https:\/\/iberoffice.co.mz\/index.php\/wp-json\/wp\/v2\/pages"}],"about":[{"href":"https:\/\/iberoffice.co.mz\/index.php\/wp-json\/wp\/v2\/types\/page"}],"author":[{"embeddable":true,"href":"https:\/\/iberoffice.co.mz\/index.php\/wp-json\/wp\/v2\/users\/1"}],"replies":[{"embeddable":true,"href":"https:\/\/iberoffice.co.mz\/index.php\/wp-json\/wp\/v2\/comments?post=38"}],"version-history":[{"count":103,"href":"https:\/\/iberoffice.co.mz\/index.php\/wp-json\/wp\/v2\/pages\/38\/revisions"}],"predecessor-version":[{"id":239,"href":"https:\/\/iberoffice.co.mz\/index.php\/wp-json\/wp\/v2\/pages\/38\/revisions\/239"}],"wp:featuredmedia":[{"embeddable":true,"href":"https:\/\/iberoffice.co.mz\/index.php\/wp-json\/wp\/v2\/media\/43"}],"wp:attachment":[{"href":"https:\/\/iberoffice.co.mz\/index.php\/wp-json\/wp\/v2\/media?parent=38"}],"curies":[{"name":"wp","href":"https:\/\/api.w.org\/{rel}","templated":true}]}}